{"id":48,"date":"2023-05-07T09:35:21","date_gmt":"2023-05-07T07:35:21","guid":{"rendered":"https:\/\/www.szewinska.org\/?page_id=48"},"modified":"2025-11-28T17:19:45","modified_gmt":"2025-11-28T16:19:45","slug":"contact","status":"publish","type":"page","link":"https:\/\/www.szewinska.org\/en\/contact","title":{"rendered":"Contact"},"content":{"rendered":"<table width=\"407\" cellspacing=\"0\" cellpadding=\"2\">\n<tbody>\n<tr>\n<td colspan=\"2\" width=\"403\"><strong>Irena Szewi\u0144ska Foundation<\/strong><\/td>\n<\/tr>\n<tr>\n<td width=\"68\">Address<\/td>\n<td width=\"331\">ALEJA NAJ\u015aWI\u0118TSZEJ MARYI PANNY 67 \/13<br \/>\n42-217 CZ\u0118STOCHOWA,\nPOLAND<\/td>\n<\/tr>\n<tr>\n<td width=\"68\">Website<\/td>\n<td width=\"331\">https:\/\/www.szewinska.org\/<\/td>\n<\/tr>\n<tr>\n<td width=\"68\">E-mail<\/td>\n<td width=\"331\"><a href=\"\/mailto.php\"><img loading=\"lazy\" decoding=\"async\" class=\"alignnone size-full wp-image-142\" src=\"https:\/\/www.szewinska.org\/wp-content\/uploads\/2023\/05\/email.png\" alt=\"\" width=\"166\" height=\"14\" srcset=\"https:\/\/www.szewinska.org\/wp-content\/uploads\/2023\/05\/email.png 166w, https:\/\/www.szewinska.org\/wp-content\/uploads\/2023\/05\/email-150x14.png 150w, https:\/\/www.szewinska.org\/wp-content\/uploads\/2023\/05\/email-18x2.png 18w\" sizes=\"auto, (max-width: 166px) 100vw, 166px\" \/><\/a><\/td>\n<\/tr>\n<tr>\n<td width=\"68\">National Court Register ID (KRS)<\/td>\n<td width=\"331\">0000776526<\/td>\n<\/tr>\n<tr>\n<td width=\"68\">TAX\/VAT ID (NIP)<\/td>\n<td width=\"331\">5732910129<\/td>\n<\/tr>\n<tr>\n<td width=\"68\">National Official Business Register ID (REGON)<\/td>\n<td width=\"331\">382814264<\/td>\n<\/tr>\n<tr>\n<td width=\"68\">EORI<\/td>\n<td width=\"331\">PL573291012900000<\/td>\n<\/tr>\n<tr>\n<td width=\"68\">Bank account<\/td>\n<td width=\"331\">IBAN: PL31 1140 2004 0000 3102 7865 3402\nBIC: BREXPLPWMBK<\/td>\n<\/tr>\n<tr>\n<td width=\"68\">Registration authority<\/td>\n<td width=\"331\">DISTRICT COURT IN CZ\u0118STOCHOWA,<br \/>\nXVII COMMERCIAL DEPARTMENT OF THE NATIONAL COURT REGISTER<\/td>\n<\/tr>\n<\/tbody>\n<\/table>","protected":false},"excerpt":{"rendered":"<p>Fundacja im. Ireny Szewi\u0144skiej Adres ALEJA NAJ\u015aWI\u0118TSZEJ MARYI PANNY 67 \/13 42-217 CZ\u0118STOCHOWA Strona WWW https:\/\/www.szewinska.org\/ Adres e-mail KRS 0000776526 NIP 5732910129 REGON 382814264 EORI PL573291012900000 Rachunek bankowy mBank 31 &#8230;<\/p>","protected":false},"author":1,"featured_media":0,"parent":0,"menu_order":0,"comment_status":"closed","ping_status":"closed","template":"","meta":{"inline_featured_image":false,"footnotes":""},"class_list":["post-48","page","type-page","status-publish","hentry"],"_links":{"self":[{"href":"https:\/\/www.szewinska.org\/en\/wp-json\/wp\/v2\/pages\/48","targetHints":{"allow":["GET"]}}],"collection":[{"href":"https:\/\/www.szewinska.org\/en\/wp-json\/wp\/v2\/pages"}],"about":[{"href":"https:\/\/www.szewinska.org\/en\/wp-json\/wp\/v2\/types\/page"}],"author":[{"embeddable":true,"href":"https:\/\/www.szewinska.org\/en\/wp-json\/wp\/v2\/users\/1"}],"replies":[{"embeddable":true,"href":"https:\/\/www.szewinska.org\/en\/wp-json\/wp\/v2\/comments?post=48"}],"version-history":[{"count":5,"href":"https:\/\/www.szewinska.org\/en\/wp-json\/wp\/v2\/pages\/48\/revisions"}],"predecessor-version":[{"id":358,"href":"https:\/\/www.szewinska.org\/en\/wp-json\/wp\/v2\/pages\/48\/revisions\/358"}],"wp:attachment":[{"href":"https:\/\/www.szewinska.org\/en\/wp-json\/wp\/v2\/media?parent=48"}],"curies":[{"name":"wp","href":"https:\/\/api.w.org\/{rel}","templated":true}]}}