{"id":36,"date":"2023-05-07T08:57:17","date_gmt":"2023-05-07T06:57:17","guid":{"rendered":"https:\/\/www.szewinska.org\/?page_id=36"},"modified":"2024-11-13T10:45:32","modified_gmt":"2024-11-13T09:45:32","slug":"founders","status":"publish","type":"page","link":"https:\/\/www.szewinska.org\/en\/founders","title":{"rendered":"Founders"},"content":{"rendered":"<p><strong>S\u0142awomir Janusz Szewi\u0144ski<\/strong> - Chairman of the Board<\/p>\n<ul>\n<li>Athlete, representative of Poland in the 400m hurdles race,<\/li>\n<li>Photojournalist, longtime employee of Przegl\u0105d Sportowy,<\/li>\n<li>Irena Szewi\u0144ska's coach<\/li>\n<\/ul>\n<p><strong>Andrzej Szewi\u0144ski<\/strong> - Member of the Board<\/p>\n<ul>\n<li>Athlete, Polish representative in volleyball,<\/li>\n<li>Player and president of the AZS Cz\u0119stochowa club,<\/li>\n<li>Senator of the 7th and 8th term, member of the Sejm of the 9th term.<\/li>\n<\/ul>\n<p><strong>Jaros\u0142aw Szewi\u0144ski<\/strong> - Member of the Board<\/p>\n<ul>\n<li>Doctor of philosophy in the field of electronics<\/li>\n<li>Employee of the National Center for Nuclear Research<\/li>\n<\/ul>","protected":false},"excerpt":{"rendered":"<p>S\u0142awomir Janusz Szewi\u0144ski \u2013 Prezes Zarz\u0105du Sportowiec, reprezentant Polski w biegu na 400m przez p\u0142otki, Fotoreporter, wieloletni pracownik Przegl\u0105du Sportowego, Trener Ireny Szewi\u0144skiej Andrzej Szewi\u0144ski \u2013 Cz\u0142onek Zarz\u0105du Sportowiec Reprezentant &#8230;<\/p>","protected":false},"author":1,"featured_media":0,"parent":0,"menu_order":0,"comment_status":"closed","ping_status":"closed","template":"","meta":{"inline_featured_image":false,"footnotes":""},"class_list":["post-36","page","type-page","status-publish","hentry"],"_links":{"self":[{"href":"https:\/\/www.szewinska.org\/en\/wp-json\/wp\/v2\/pages\/36","targetHints":{"allow":["GET"]}}],"collection":[{"href":"https:\/\/www.szewinska.org\/en\/wp-json\/wp\/v2\/pages"}],"about":[{"href":"https:\/\/www.szewinska.org\/en\/wp-json\/wp\/v2\/types\/page"}],"author":[{"embeddable":true,"href":"https:\/\/www.szewinska.org\/en\/wp-json\/wp\/v2\/users\/1"}],"replies":[{"embeddable":true,"href":"https:\/\/www.szewinska.org\/en\/wp-json\/wp\/v2\/comments?post=36"}],"version-history":[{"count":2,"href":"https:\/\/www.szewinska.org\/en\/wp-json\/wp\/v2\/pages\/36\/revisions"}],"predecessor-version":[{"id":38,"href":"https:\/\/www.szewinska.org\/en\/wp-json\/wp\/v2\/pages\/36\/revisions\/38"}],"wp:attachment":[{"href":"https:\/\/www.szewinska.org\/en\/wp-json\/wp\/v2\/media?parent=36"}],"curies":[{"name":"wp","href":"https:\/\/api.w.org\/{rel}","templated":true}]}}