{"id":328,"date":"2025-11-04T04:17:59","date_gmt":"2025-11-04T03:17:59","guid":{"rendered":"https:\/\/www.szewinska.org\/?page_id=328"},"modified":"2025-11-04T04:18:00","modified_gmt":"2025-11-04T03:18:00","slug":"druzyna-rugby-seniorow-azs-awf-warszawa","status":"publish","type":"page","link":"https:\/\/www.szewinska.org\/en\/druzyna-rugby-seniorow-azs-awf-warszawa","title":{"rendered":"Dru\u017cyna Rugby Senior\u00f3w AZS AWF Warszawa"},"content":{"rendered":"<p>Fundacja prowadzi aktywne wsparcie Dru\u017cyny Rugby Senior\u00f3w AZS AWF Warszawa, m.in. poprzez zbieranie \u015brodk\u00f3w finansowych. Wej\u015bcie do Ekstraligi w sezonie 2025\/2026 to ogromne osi\u0105gni\u0119cie, gdy\u017c Klub po wielu latach wraca do czo\u0142\u00f3wki, kt\u00f3rej niegdy\u015b by\u0142 nieod\u0142\u0105cznym elementem.<\/p>\n\n\n\n<p>Udzia\u0142 w Ekstralidze wi\u0105\u017ce si\u0119 z dodatkowymi kosztami zwi\u0105zanymi m.in. z udzia\u0142em w meczach wyjazdowych oraz z organizacj\u0105 mecz\u00f3w Ekstraligi na swoim macierzystym obiekcie, stadionie rugby AWF w Warszawie, w tym zapewnienia odpowiednich warunk\u00f3w dla dru\u017cyn przyjezdnych, tak by sprosta\u0107 wymaganiom i standardom Ekstraligi. Jak r\u00f3wnie\u017c, by si\u0119\u00a0utrzyma\u0107 na wspomnianym poziome rozgrywek, konieczne jest r\u00f3wnie\u017c sprowadzanie nowych zawodnik\u00f3w, czasem r\u00f3wnie\u017c z zagranicy.<\/p>\n\n\n\n<p>To wszystko powoduje \u017ce konieczne jest szukanie sponsor\u00f3w i darczy\u0144c\u00f3w i w tym obszarze Fundacja chce wyj\u015b\u0107 naprzeciw wspomnianym potrzebom, Indywidualne darowizny dedykowane potrzebom Dru\u017cyny Senior\u00f3w mog\u0105 by\u0107 przekazywane za pomoc\u0105 poni\u017cszego formularza (wp\u0142aty b\u0119d\u0105 automatycznie przypisane wsparciu Dru\u017cyny Senior\u00f3w) , lub przelewem na konto wskazane na stronie <a href=\"https:\/\/www.szewinska.org\/en\/donate\/\" data-type=\"page\" data-id=\"148\">Support Us<\/a>, lecz w\u00f3wczas nale\u017c wskaza\u0107 w tytule przelewu \u017ce darowizna jest dedyowane Dru\u017cyie Rugby Senior\u00f3w AZS AWF Warszawa<\/p>\n\n\n<p align='center'><img src='https:\/\/www.szewinska.org\/wp-content\/plugins\/paynow-donation-gateway\/img\/logo_paynow_black_9e62ab2727.png' style='width: 30%'><br>P\u0142atno\u015bci obs\u0142uguje mBank za pomoc\u0105 us\u0142ugi Paynow<\/p>   \n        <form action=\"\/en\/wp-json\/wp\/v2\/pages\/328\" method=\"POST\" data-trp-original-action=\"\/en\/wp-json\/wp\/v2\/pages\/328\">\n\n        <div class=\"row\">\n        <div class=\"col-2\">\n        &nbsp;\n        <\/div>\n        <div class=\"col-5\">\n                <p>\n                <label for=\"paynow-donation-amount\">Kwota<\/label>\n                <input type=\"number\"\n                       name=\"paynow-donation-amount\"\n                       min=\"0.00\"\n                       step=\"0.01\"\n                       value=\"100.00\"\n                       class=\"form-control\"\n                       id=\"paynow-donation-amount\" \/>\n                <\/p>\n        <\/div>\n        <div class=\"col-3\">\n                <p>\n                <label for=\"paynow-donation-currency\">Waluta<\/label>\n                <select name=\"paynow-donation-currency\"\n                        class=\"form-control form-select\"\n                        id=\"paynow-donation-currency\">\n                    <option value=\"PLN\" selected>PLN<\/option>\n                    <option value=\"EUR\">EUR<\/option>\n                    <option value=\"USD\">USD<\/option> \n                    <option value=\"CHF\">CHF<\/option>       \n                <\/select>\n                <\/p>\n        <\/div>\n        <div class=\"col-2\">&nbsp;<\/div>\n    <\/div>\n    <!-- div class=\"row\">\n        <div class=\"col-3\">&nbsp;<\/div>        \n        <div class=\"col-6\">\n              <p>                                                                \n                <input type=\"radio\" name=\"paynow-donation-currency\" value=\"PLN\" id=\"PLN\" checked> <label for=\"PLN\">PLN<\/label>\n                <input type=\"radio\" name=\"paynow-donation-currency\" value=\"EUR\" id=\"EUR\"> <label for=\"EUR\">EUR<\/label>\n                <input type=\"radio\" name=\"paynow-donation-currency\" value=\"USD\" id=\"USD\"> <label for=\"USD\">USD<\/label>\n                <input type=\"radio\" name=\"paynow-donation-currency\" value=\"CHF\" id=\"CHF\"> <label for=\"CHF\">CHF<\/label>                                                     \n              <\/p>\n        <\/div>\n        <div class=\"col-3\">&nbsp;<\/div>\n    <\/div -->\n\n    <div class=\"row\">\n        <div class=\"col-2\">&nbsp;<\/div>\n        \n        <div class=\"col-8\">\n              <p>                                                                \n              <label for=\"paynow-donation-email\">Adres E-Mail<\/label>\n                <input type=\"email\"\n                                    name=\"paynow-donation-email\"\n                                    value=\"\"\n                                    size=\"40\"\n                                    class=\"form-control\"\n                                    id=\"paynow-donation-email\" \/>\n              <\/p>\n        <\/div>\n        <div class=\"col-2\">&nbsp;<\/div>\n    <\/div>      \n\n                                       \n    <div class=\"row\">\n        <div class=\"col-2\">&nbsp;<\/div>        \n        <div class=\"col-8\">\n                <p>\n                <label for=\"paynow-donation-message\">Wsparcie Dru\u017cyny Rugby Senior\u00f3w AZS AWF Warszawa, cel szczeg\u00f3\u0142owy<\/label>\n                <input type=\"text\"\n                                    name=\"paynow-donation-message\"\n                                    value=\"\"\n                                    size=\"40\"\n                                    class=\"form-control\"\n                                    id=\"paynow-donation-message\" \/>\n               <\/p>\n        <\/div>\n        <div class=\"col-2\">&nbsp;<\/div>\n    <\/div>      \n    <div class=\"row\">\n        <div class=\"col-2\">&nbsp;<\/div>\n        \n        <div class=\"col-8\">\n   \n              <input type=\"submit\"\n                       name=\"paynow-donation-submitted\"\n                       value=\"Wp\u0142a\u0107\"\n                       class=\"form-control\"\n                       id=\"paynow-donation-submitted\" \/>\n\n        <\/div>\n        <div class=\"col-2\">\n        &nbsp;\n        <\/div>\n              \n    <\/div>\n  <input type=\"hidden\" name=\"trp-form-language\" value=\"en\"\/><\/form>\n\n\n\n\n        \n    <div class=\"row\">\n        <div class=\"col-2\">&nbsp;<\/div>\n        \n        <div class=\"col-8\">\n\n            Dost\u0119pne formy p\u0142atno\u015bci:<br>\n  \n    <table><tr><td align='center'><img src='https:\/\/static.paynow.pl\/payment-method-icons\/2007.png' ><br><\/td><td align='center'><img src='https:\/\/static.paynow.pl\/payment-method-icons\/1000.png' ><br><\/td><td align='center'><img src='https:\/\/static.paynow.pl\/payment-method-icons\/2032.png' ><br><\/td><td align='center'><img src='https:\/\/static.paynow.pl\/payment-method-icons\/2031.png' ><br><\/td><td align='center'><img src='https:\/\/static.paynow.pl\/payment-method-icons\/2013.png' ><br><\/td><\/tr><tr><td align='center'><img src='https:\/\/static.paynow.pl\/payment-method-icons\/2012.png' ><br><\/td><td align='center'><img src='https:\/\/static.paynow.pl\/payment-method-icons\/2021.png' ><br><\/td><td align='center'><img src='https:\/\/static.paynow.pl\/payment-method-icons\/2009.png' ><br><\/td><td align='center'><img src='https:\/\/static.paynow.pl\/payment-method-icons\/2010.png' ><br><\/td><td align='center'><img src='https:\/\/static.paynow.pl\/payment-method-icons\/2020.png' ><br><\/td><\/tr><tr><td align='center'><img src='https:\/\/static.paynow.pl\/payment-method-icons\/2015.png' ><br><\/td><td align='center'><img src='https:\/\/static.paynow.pl\/payment-method-icons\/2014.png' ><br><\/td><td align='center'><img src='https:\/\/static.paynow.pl\/payment-method-icons\/2018.png' ><br><\/td><td align='center'><img src='https:\/\/static.paynow.pl\/payment-method-icons\/2023.png' ><br><\/td><td align='center'><img src='https:\/\/static.paynow.pl\/payment-method-icons\/2027.png' ><br><\/td><\/tr><tr><td align='center'><img src='https:\/\/static.paynow.pl\/payment-method-icons\/2011.png' ><br><\/td><td align='center'><img src='https:\/\/static.paynow.pl\/payment-method-icons\/2026.png' ><br><\/td><td align='center'><img src='https:\/\/static.paynow.pl\/payment-method-icons\/2030.png' ><br><\/td><\/tr><\/table>\n\n                                                         \n        <\/div>\n        <div class=\"col-2\">\n        &nbsp;\n        <\/div>\n    <\/div>\n             \n\n\n\n\n<p><\/p>","protected":false},"excerpt":{"rendered":"<p>Fundacja prowadzi aktywne wsparcie Dru\u017cyny Rugby Senior\u00f3w AZS AWF Warszawa, m.in. poprzez zbieranie \u015brodk\u00f3w finansowych. Wej\u015bcie do Ekstraligi w sezonie 2025\/2026 to ogromne osi\u0105gni\u0119cie, gdy\u017c Klub po wielu latach wraca &#8230;<\/p>","protected":false},"author":1,"featured_media":0,"parent":0,"menu_order":0,"comment_status":"closed","ping_status":"closed","template":"","meta":{"inline_featured_image":false,"footnotes":""},"class_list":["post-328","page","type-page","status-publish","hentry"],"_links":{"self":[{"href":"https:\/\/www.szewinska.org\/en\/wp-json\/wp\/v2\/pages\/328","targetHints":{"allow":["GET"]}}],"collection":[{"href":"https:\/\/www.szewinska.org\/en\/wp-json\/wp\/v2\/pages"}],"about":[{"href":"https:\/\/www.szewinska.org\/en\/wp-json\/wp\/v2\/types\/page"}],"author":[{"embeddable":true,"href":"https:\/\/www.szewinska.org\/en\/wp-json\/wp\/v2\/users\/1"}],"replies":[{"embeddable":true,"href":"https:\/\/www.szewinska.org\/en\/wp-json\/wp\/v2\/comments?post=328"}],"version-history":[{"count":4,"href":"https:\/\/www.szewinska.org\/en\/wp-json\/wp\/v2\/pages\/328\/revisions"}],"predecessor-version":[{"id":332,"href":"https:\/\/www.szewinska.org\/en\/wp-json\/wp\/v2\/pages\/328\/revisions\/332"}],"wp:attachment":[{"href":"https:\/\/www.szewinska.org\/en\/wp-json\/wp\/v2\/media?parent=328"}],"curies":[{"name":"wp","href":"https:\/\/api.w.org\/{rel}","templated":true}]}}