{"id":324,"date":"2025-11-04T04:17:03","date_gmt":"2025-11-04T03:17:03","guid":{"rendered":"https:\/\/www.szewinska.org\/?page_id=324"},"modified":"2025-11-04T07:17:13","modified_gmt":"2025-11-04T06:17:13","slug":"wspolpraca-z-sekcja-rugby-klubu-azs-awf-warszawa","status":"publish","type":"page","link":"https:\/\/www.szewinska.org\/en\/wspolpraca-z-sekcja-rugby-klubu-azs-awf-warszawa","title":{"rendered":"Wsp\u00f3\u0142praca z Sekcj\u0105 Rugby Klubu AZS AWF Warszawa"},"content":{"rendered":"<p>Od Czerwca 2024 roku Fundacja Wsp\u00f3\u0142pracuje z Klubem AZS AWF Warszawa wspieraj\u0105c sekcj\u0119 Rugby.<br \/>Dlaczego akurat Rugby? &#8211; poniewa\u017c wiele lat temu, pod okiem trenera Andrzeja Kopyta, t\u0119 dyscyplin\u0119 sportu uprawia\u0142 Jaros\u0142aw Szewi\u0144ski, syn Patronki Fundacji, a obecnie zawodnikiem dru\u017cyny Rugby Klubu AZS AWF Warszawa jest jego syn, Jan Szewi\u0144ski.<\/p>\n\n<div class=\"wp-block-image\">\n<figure class=\"aligncenter size-full is-resized\"><img loading=\"lazy\" decoding=\"async\" width=\"960\" height=\"701\" src=\"https:\/\/www.szewinska.org\/wp-content\/uploads\/2025\/11\/a_kopyt_j_szewinski.jpg\" alt=\"\" class=\"wp-image-325\" style=\"width:505px;height:auto\" srcset=\"https:\/\/www.szewinska.org\/wp-content\/uploads\/2025\/11\/a_kopyt_j_szewinski.jpg 960w, https:\/\/www.szewinska.org\/wp-content\/uploads\/2025\/11\/a_kopyt_j_szewinski-300x219.jpg 300w, https:\/\/www.szewinska.org\/wp-content\/uploads\/2025\/11\/a_kopyt_j_szewinski-768x561.jpg 768w, https:\/\/www.szewinska.org\/wp-content\/uploads\/2025\/11\/a_kopyt_j_szewinski-16x12.jpg 16w\" sizes=\"auto, (max-width: 960px) 100vw, 960px\" \/><\/figure>\n<\/div>\n\n\n<p>Andrzej Kopyt i Jan Szewi\u0144ski (wypo\u017cyczony z AZS AWF Warszawa do klubu RKS Skra Warszawa)<\/p>\n\n\n\n<p><\/p>\n\n\n\n<p>Fundacja wspiera zar\u00f3wno dru\u017cyny m\u0142odzie\u017cowe jaki dru\u017cyny Senior\u00f3w i Seniorek. W szczeg\u00f3lno\u015bci du\u017cym osi\u0105gni\u0119ciem by\u0142o wej\u015bcie m\u0119skkej <a href=\"https:\/\/www.szewinska.org\/en\/druzyna-rugby-seniorow-azs-awf-warszawa\/\" data-type=\"page\" data-id=\"328\">Dru\u017cyny Rugby Senior\u00f3w AZS AWF Warszawa<\/a> Du\u017cyny Rugby AZS AWF Warszawa do Ekstraligii Rugby w sezonie 2025\/2026.<\/p>\n\n\n\n<p><\/p>","protected":false},"excerpt":{"rendered":"<p>Od Czerwca 2024 roku Fundacja Wsp\u00f3\u0142pracuje z Klubem AZS AWF Warszawa wspieraj\u0105c sekcj\u0119 Rugby.Dlaczego akurat Rugby? &#8211; poniewa\u017c wiele lat temu, pod okiem trenera Andrzeja Kopyta, t\u0119 dyscyplin\u0119 sportu uprawia\u0142 &#8230;<\/p>","protected":false},"author":1,"featured_media":0,"parent":0,"menu_order":0,"comment_status":"closed","ping_status":"closed","template":"","meta":{"inline_featured_image":false,"footnotes":""},"class_list":["post-324","page","type-page","status-publish","hentry"],"_links":{"self":[{"href":"https:\/\/www.szewinska.org\/en\/wp-json\/wp\/v2\/pages\/324","targetHints":{"allow":["GET"]}}],"collection":[{"href":"https:\/\/www.szewinska.org\/en\/wp-json\/wp\/v2\/pages"}],"about":[{"href":"https:\/\/www.szewinska.org\/en\/wp-json\/wp\/v2\/types\/page"}],"author":[{"embeddable":true,"href":"https:\/\/www.szewinska.org\/en\/wp-json\/wp\/v2\/users\/1"}],"replies":[{"embeddable":true,"href":"https:\/\/www.szewinska.org\/en\/wp-json\/wp\/v2\/comments?post=324"}],"version-history":[{"count":5,"href":"https:\/\/www.szewinska.org\/en\/wp-json\/wp\/v2\/pages\/324\/revisions"}],"predecessor-version":[{"id":351,"href":"https:\/\/www.szewinska.org\/en\/wp-json\/wp\/v2\/pages\/324\/revisions\/351"}],"wp:attachment":[{"href":"https:\/\/www.szewinska.org\/en\/wp-json\/wp\/v2\/media?parent=324"}],"curies":[{"name":"wp","href":"https:\/\/api.w.org\/{rel}","templated":true}]}}