{"id":237,"date":"2025-04-09T09:16:21","date_gmt":"2025-04-09T07:16:21","guid":{"rendered":"https:\/\/www.szewinska.org\/?page_id=237"},"modified":"2025-11-04T02:54:56","modified_gmt":"2025-11-04T01:54:56","slug":"test","status":"publish","type":"page","link":"https:\/\/www.szewinska.org\/en\/test","title":{"rendered":"Testowa Bramka P\u0142atnicza"},"content":{"rendered":"<p>!!! TO JEST INSTALACJA TESTOWA, TA BRAMKA NIE POBIERA \u015aRODK\u00d3W I NIE PRZEKAZUJE ICH FUNDACJI, S\u0141U\u017bY JEDYNIE TESTOWANIU OPROGRAMOWANIA !!!<\/p>\n\n\n\n<p><\/p>\n\n\n<p align='center'><img src='https:\/\/www.szewinska.org\/wp-content\/plugins\/paynow-donation-gateway\/img\/logo_paynow_black_9e62ab2727.png' style='width: 30%'><br>P\u0142atno\u015bci obs\u0142uguje mBank za pomoc\u0105 us\u0142ugi Paynow<\/p>   \n        <form action=\"\/en\/wp-json\/wp\/v2\/pages\/237\" method=\"POST\" data-trp-original-action=\"\/en\/wp-json\/wp\/v2\/pages\/237\">\n\n        <div class=\"row\">\n        <div class=\"col-2\">\n        &nbsp;\n        <\/div>\n        <div class=\"col-5\">\n                <p>\n                <label for=\"paynow-donation-amount\">Kwota<\/label>\n                <input type=\"number\"\n                       name=\"paynow-donation-amount\"\n                       min=\"0.00\"\n                       step=\"0.01\"\n                       value=\"100.00\"\n                       class=\"form-control\"\n                       id=\"paynow-donation-amount\" \/>\n                <\/p>\n        <\/div>\n        <div class=\"col-3\">\n                <p>\n                <label for=\"paynow-donation-currency\">Waluta<\/label>\n                <select name=\"paynow-donation-currency\"\n                        class=\"form-control form-select\"\n                        id=\"paynow-donation-currency\">\n                    <option value=\"PLN\" selected>PLN<\/option>\n                    <option value=\"EUR\">EUR<\/option>\n                    <option value=\"USD\">USD<\/option> \n                    <option value=\"CHF\">CHF<\/option>       \n                <\/select>\n                <\/p>\n        <\/div>\n        <div class=\"col-2\">&nbsp;<\/div>\n    <\/div>\n    <!-- div class=\"row\">\n        <div class=\"col-3\">&nbsp;<\/div>        \n        <div class=\"col-6\">\n              <p>                                                                \n                <input type=\"radio\" name=\"paynow-donation-currency\" value=\"PLN\" id=\"PLN\" checked> <label for=\"PLN\">PLN<\/label>\n                <input type=\"radio\" name=\"paynow-donation-currency\" value=\"EUR\" id=\"EUR\"> <label for=\"EUR\">EUR<\/label>\n                <input type=\"radio\" name=\"paynow-donation-currency\" value=\"USD\" id=\"USD\"> <label for=\"USD\">USD<\/label>\n                <input type=\"radio\" name=\"paynow-donation-currency\" value=\"CHF\" id=\"CHF\"> <label for=\"CHF\">CHF<\/label>                                                     \n              <\/p>\n        <\/div>\n        <div class=\"col-3\">&nbsp;<\/div>\n    <\/div -->\n\n    <div class=\"row\">\n        <div class=\"col-2\">&nbsp;<\/div>\n        \n        <div class=\"col-8\">\n              <p>                                                                \n              <label for=\"paynow-donation-email\">Adres E-Mail<\/label>\n                <input type=\"email\"\n                                    name=\"paynow-donation-email\"\n                                    value=\"\"\n                                    size=\"40\"\n                                    class=\"form-control\"\n                                    id=\"paynow-donation-email\" \/>\n              <\/p>\n        <\/div>\n        <div class=\"col-2\">&nbsp;<\/div>\n    <\/div>      \n\n                                       \n    <div class=\"row\">\n        <div class=\"col-2\">&nbsp;<\/div>        \n        <div class=\"col-8\">\n                <p>\n                <label for=\"paynow-donation-message\">Wsparcie dru\u017cyny senior\u00f3w, cel szczeg\u00f3\u0142owy<\/label>\n                <input type=\"text\"\n                                    name=\"paynow-donation-message\"\n                                    value=\"\"\n                                    size=\"40\"\n                                    class=\"form-control\"\n                                    id=\"paynow-donation-message\" \/>\n               <\/p>\n        <\/div>\n        <div class=\"col-2\">&nbsp;<\/div>\n    <\/div>      \n    <div class=\"row\">\n        <div class=\"col-2\">&nbsp;<\/div>\n        \n        <div class=\"col-8\">\n   \n              <input type=\"submit\"\n                       name=\"paynow-donation-submitted\"\n                       value=\"Wp\u0142a\u0107\"\n                       class=\"form-control\"\n                       id=\"paynow-donation-submitted\" \/>\n\n        <\/div>\n        <div class=\"col-2\">\n        &nbsp;\n        <\/div>\n              \n    <\/div>\n  <input type=\"hidden\" name=\"trp-form-language\" value=\"en\"\/><\/form>\n\n\n\n\n        \n    <div class=\"row\">\n        <div class=\"col-2\">&nbsp;<\/div>\n        \n        <div class=\"col-8\">\n\n            Dost\u0119pne formy p\u0142atno\u015bci:<br>\n  \n    <table><tr><td align='center'><img src='https:\/\/static.paynow.pl\/payment-method-icons\/2007.png' ><br><\/td><td align='center'><img src='https:\/\/static.paynow.pl\/payment-method-icons\/1000.png' ><br><\/td><td align='center'><img src='https:\/\/static.paynow.pl\/payment-method-icons\/2032.png' ><br><\/td><td align='center'><img src='https:\/\/static.paynow.pl\/payment-method-icons\/2031.png' ><br><\/td><td align='center'><img src='https:\/\/static.paynow.pl\/payment-method-icons\/2013.png' ><br><\/td><\/tr><tr><td align='center'><img src='https:\/\/static.paynow.pl\/payment-method-icons\/2012.png' ><br><\/td><td align='center'><img src='https:\/\/static.paynow.pl\/payment-method-icons\/2021.png' ><br><\/td><td align='center'><img src='https:\/\/static.paynow.pl\/payment-method-icons\/2009.png' ><br><\/td><td align='center'><img src='https:\/\/static.paynow.pl\/payment-method-icons\/2010.png' ><br><\/td><td align='center'><img src='https:\/\/static.paynow.pl\/payment-method-icons\/2020.png' ><br><\/td><\/tr><tr><td align='center'><img src='https:\/\/static.paynow.pl\/payment-method-icons\/2015.png' ><br><\/td><td align='center'><img src='https:\/\/static.paynow.pl\/payment-method-icons\/2014.png' ><br><\/td><td align='center'><img src='https:\/\/static.paynow.pl\/payment-method-icons\/2018.png' ><br><\/td><td align='center'><img src='https:\/\/static.paynow.pl\/payment-method-icons\/2023.png' ><br><\/td><td align='center'><img src='https:\/\/static.paynow.pl\/payment-method-icons\/2027.png' ><br><\/td><\/tr><tr><td align='center'><img src='https:\/\/static.paynow.pl\/payment-method-icons\/2011.png' ><br><\/td><td align='center'><img src='https:\/\/static.paynow.pl\/payment-method-icons\/2026.png' ><br><\/td><td align='center'><img src='https:\/\/static.paynow.pl\/payment-method-icons\/2030.png' ><br><\/td><\/tr><\/table>\n\n                                                         \n        <\/div>\n        <div class=\"col-2\">\n        &nbsp;\n        <\/div>\n    <\/div>\n             \n\n\n\n\n<p><\/p>","protected":false},"excerpt":{"rendered":"<p>!!! TO JEST INSTALACJA TESTOWA, TA BRAMKA NIE POBIERA \u015aRODK\u00d3W I NIE PRZEKAZUJE ICH FUNDACJI, S\u0141U\u017bY JEDYNIE TESTOWANIU OPROGRAMOWANIA !!!<\/p>","protected":false},"author":1,"featured_media":0,"parent":0,"menu_order":0,"comment_status":"closed","ping_status":"closed","template":"","meta":{"inline_featured_image":false,"footnotes":""},"class_list":["post-237","page","type-page","status-publish","hentry"],"_links":{"self":[{"href":"https:\/\/www.szewinska.org\/en\/wp-json\/wp\/v2\/pages\/237","targetHints":{"allow":["GET"]}}],"collection":[{"href":"https:\/\/www.szewinska.org\/en\/wp-json\/wp\/v2\/pages"}],"about":[{"href":"https:\/\/www.szewinska.org\/en\/wp-json\/wp\/v2\/types\/page"}],"author":[{"embeddable":true,"href":"https:\/\/www.szewinska.org\/en\/wp-json\/wp\/v2\/users\/1"}],"replies":[{"embeddable":true,"href":"https:\/\/www.szewinska.org\/en\/wp-json\/wp\/v2\/comments?post=237"}],"version-history":[{"count":11,"href":"https:\/\/www.szewinska.org\/en\/wp-json\/wp\/v2\/pages\/237\/revisions"}],"predecessor-version":[{"id":323,"href":"https:\/\/www.szewinska.org\/en\/wp-json\/wp\/v2\/pages\/237\/revisions\/323"}],"wp:attachment":[{"href":"https:\/\/www.szewinska.org\/en\/wp-json\/wp\/v2\/media?parent=237"}],"curies":[{"name":"wp","href":"https:\/\/api.w.org\/{rel}","templated":true}]}}