{"id":173,"date":"2024-11-13T12:48:49","date_gmt":"2024-11-13T11:48:49","guid":{"rendered":"https:\/\/www.szewinska.org\/?page_id=173"},"modified":"2024-11-13T13:06:11","modified_gmt":"2024-11-13T12:06:11","slug":"gdpr","status":"publish","type":"page","link":"https:\/\/www.szewinska.org\/en\/gdpr","title":{"rendered":"Obowi\u0105zek informacyjny RODO"},"content":{"rendered":"<p>Poni\u017csza informacja stanowi zwi\u0119z\u0142y, zrozumia\u0142y i przejrzysty skr\u00f3t informacji zamieszczonych w <a href=\"\/en\/privacy\/\">Polityce Prywatno\u015bci<\/a> odno\u015bnie Administratora danych, celu i sposobu przetwarzania danych osobowych oraz Twoich praw w zwi\u0105zku z tym przetwarzaniem, w formie wymaganej do spe\u0142nienia obowi\u0105zku informacyjnego RODO. Szczeg\u00f3\u0142y dotycz\u0105ce sposobu przetwarzania i podmiot\u00f3w uczestnicz\u0105cych w tym procesie dost\u0119pne s\u0105 we wskazanej polityce.<\/p>\n<h3 class=\"western\">Kto jest administratorem danych?<\/h3>\n<p>Administratorem Danych Osobowych (dalej Administrator) jest Fundacja Imienia Ireny Szewi\u0144skiej, prowadz\u0105ca dzia\u0142alno\u015b\u0107 pod adresem: Al. N.M.P. 67 \/13, 42-217 Cz\u0119stochowa, o nadanym numerze identyfikacji podatkowej (NIP): 5732910129, o nadanym numerze KRS: 0000776526 oraz o nadanym numerze REGON: 382814264.<\/p>\n<h3 class=\"western\">Jak mo\u017cna skontaktowa\u0107 si\u0119 z administratorem danych?<\/h3>\n<p>Z Administratorem mo\u017cna skontaktowa\u0107 si\u0119 w jeden z poni\u017cszych sposob\u00f3w<\/p>\n<ul>\n<li><strong>Adres pocztowy<\/strong> &#8211; Al. N.M.P. 67 \/13, 42-217 Cz\u0119stochowa<\/li>\n<li><strong>Adres poczty elektronicznej<\/strong> &#8211; <a href=\"\/mailto.php\"><img loading=\"lazy\" decoding=\"async\" class=\"alignnone size-full wp-image-142\" src=\"https:\/\/www.szewinska.org\/wp-content\/uploads\/2023\/05\/email.png\" alt=\"\" width=\"166\" height=\"14\" srcset=\"https:\/\/www.szewinska.org\/wp-content\/uploads\/2023\/05\/email.png 166w, https:\/\/www.szewinska.org\/wp-content\/uploads\/2023\/05\/email-150x14.png 150w, https:\/\/www.szewinska.org\/wp-content\/uploads\/2023\/05\/email-18x2.png 18w\" sizes=\"auto, (max-width: 166px) 100vw, 166px\" \/><\/a><\/li>\n<\/ul>\n<p><!-- li><strong>Po\u0142\u0105czenie telefoniczne<\/strong> - @+48 733 644 002@<\/li --> <!-- li><strong>Formularz kontaktowy<\/strong> - dost\u0119pny pod adresem: @\/kontakt@<\/li -->\n<h3 class=\"western\">Czy Administrator powo\u0142a\u0142 Inspektora Danych Osobowych?<\/h3>\n<p>Na podstawie Art. 37 RODO, Administrator nie powo\u0142a\u0142 Inspektora Ochrony Danych.<\/p>\n<p>W sprawach dotycz\u0105cych przetwarzania danych, w tym danych osobowych, nale\u017cy kontaktowa\u0107 si\u0119 bezpo\u015brednio z Administratorem.<\/p>\n<h3 class=\"western\">Sk\u0105d pozyskujemy dane osobowe i jakie s\u0105 ich \u017ar\u00f3d\u0142a?<\/h3>\n<p>Dane pozyskiwane s\u0105 z nast\u0119puj\u0105cych \u017ar\u00f3de\u0142:<\/p>\n<ul>\n<li>od os\u00f3b, kt\u00f3rych dane dotycz\u0105<\/li>\n<li>z innych \u017ar\u00f3de\u0142 ni\u017c od os\u00f3b, kt\u00f3rych dane dotycz\u0105:\n<ul>\n<li>z um\u00f3w podpisywanych z Fundacj\u0105<\/li>\n<li>z informacji bankowych dotycz\u0105cych darczy\u0144c\u00f3w Fundacji (dane przelew\u00f3w przychodz\u0105cych)<\/li>\n<\/ul>\n<\/li>\n<\/ul>\n<h3 class=\"western\">Jaki jest zakres przetwarzanych przez nas danych osobowych?<\/h3>\n<p>W serwisie przetwarzane s\u0105 <strong>dane osobowe zwyk\u0142e<\/strong>, podane dobrowolnie przez osoby, kt\u00f3rych dotycz\u0105 <span style=\"font-size: small;\">(Np. imi\u0119 i nazwisko, adres, adres e-mail, telefon, adres IP, itp.)<\/span><\/p>\n<p>Szczeg\u00f3\u0142owy zakres przetwarzanych danych dost\u0119pny jest w <a href=\"\/en\/privacy\/\">Polityce Prywatno\u015bci<\/a>.<\/p>\n<h3 class=\"western\">Jakie s\u0105 cele przetwarzania przez nas danych?<\/h3>\n<p>Dane osobowe dobrowolnie podane przez U\u017cytkownik\u00f3w s\u0105 przetwarzane w celu realizacji dzia\u0142a\u0144 statutowych Fundacji, skierowanych na wsparcie polskiego sportu oraz kultywowanie pami\u0119ci o Irenie Szewi\u0144skiej.<\/p>\n<h3 class=\"western\">Jakie s\u0105 podstawy prawne przetwarzania danych?<\/h3>\n<p>Serwis gromadzi i przetwarza dane U\u017cytkownik\u00f3w na podstawie:<\/p>\n<ul>\n<li>Rozporz\u0105dzenia Parlamentu Europejskiego i Rady (UE) 2016\/679 z dnia 27 kwietnia 2016 r. w sprawie ochrony os\u00f3b fizycznych w zwi\u0105zku z przetwarzaniem danych osobowych i w sprawie swobodnego przep\u0142ywu takich danych oraz uchylenia dyrektywy 95\/46\/WE (og\u00f3lne rozporz\u0105dzenie o ochronie danych)\n<ul>\n<li>art. 6 ust. 1 lit. a<br \/>\n<span style=\"font-size: small;\">osoba, kt\u00f3rej dane dotycz\u0105 wyrazi\u0142a zgod\u0119 na przetwarzanie swoich danych osobowych w jednym lub wi\u0119kszej liczbie okre\u015blonych cel\u00f3w<\/span><\/li>\n<li>art. 6 ust. 1 lit. b<br \/>\n<span style=\"font-size: small;\">przetwarzanie jest niezb\u0119dne do wykonania umowy, kt\u00f3rej stron\u0105 jest osoba, kt\u00f3rej dane dotycz\u0105, lub do podj\u0119cia dzia\u0142a\u0144 na \u017c\u0105danie osoby, kt\u00f3rej dane dotycz\u0105, przed zawarciem umowy<\/span><\/li>\n<li>art. 6 ust. 1 lit. f<br \/>\n<span style=\"font-size: small;\">przetwarzanie jest niezb\u0119dne do cel\u00f3w wynikaj\u0105cych z prawnie uzasadnionych interes\u00f3w realizowanych przez administratora lub przez stron\u0119 trzeci\u0105<\/span><\/li>\n<\/ul>\n<\/li>\n<li>Ustawa z dnia 10 maja 2018 r. o ochronie danych osobowych (Dz.U. 2018 poz. 1000)<\/li>\n<li>Ustawa z dnia 16 lipca 2004 r. Prawo telekomunikacyjne (Dz.U. 2004 nr 171 poz. 1800)<\/li>\n<li>Ustawa z dnia 4 lutego 1994 r. o prawie autorskim i prawach pokrewnych (Dz. U. 1994 Nr 24 poz. 83)<\/li>\n<\/ul>\n<h3 class=\"western\">Jaki jest prawnie uzasadniony interes realizowany przez Administratora?<\/h3>\n<ul>\n<li>W celu ewentualnego ustalenia, dochodzenia lub obrony przed roszczeniami \u2013 podstaw\u0105 prawn\u0105 przetwarzania jest nasz uzasadniony interes (art. 6 ust. 1 lit. f) RODO) polegaj\u0105cy na ochronie naszych praw, w tym mi\u0119dzy innymi;<\/li>\n<li>W celu oceny ryzyka potencjalnych darczy\u0144c\u00f3w oraz beneficjent\u00f3w Fundacji<\/li>\n<li>W celu oceny planowanych kampanii marketingowych<\/li>\n<li>W celu realizacji marketingu bezpo\u015bredniego<\/li>\n<\/ul>\n<h3 class=\"western\">Przez jaki okres przetwarzamy dane osobowe?<\/h3>\n<p><strong>Dane osobowe podane dobrowolnie przez U\u017cytkownik\u00f3w:<\/strong><\/p>\n<p>Co do zasady wskazane dane osobowe s\u0105 przechowywane wy\u0142\u0105cznie przez okres \u015bwiadczenia Us\u0142ugi w ramach Serwisu przez Administratora. S\u0105 one usuwane lub anonimizowane w okresie do 30 dni od chwili zako\u0144czenia \u015bwiadczenia us\u0142ug (np. usuni\u0119cie zarejestrowanego konta u\u017cytkownika, wypisanie z listy Newsletter, itp.)<\/p>\n<p>Wyj\u0105tek stanowi sytuacja, kt\u00f3ra wymaga zabezpieczenia prawnie uzasadnionych cel\u00f3w dalszego przetwarzania tych danych przez Administratora. W takiej sytuacji Administrator b\u0119dzie przechowywa\u0142 wskazane dane, od czasu \u017c\u0105dania ich usuni\u0119cia przez U\u017cytkownika, nie d\u0142u\u017cej ni\u017c przez okres 3 lat w przypadku naruszenia lub podejrzenia naruszenia zapis\u00f3w regulaminu serwisu przez U\u017cytkownika<\/p>\n<p><strong>Dane anonimowe (bez danych osobowych) gromadzone automatycznie:<\/strong><\/p>\n<p>Anonimowe dane statystyczne, niestanowi\u0105ce danych osobowych, s\u0105 przechowywane przez Administratora w celu prowadzenia statystyk serwisu przez czas nieoznaczony<\/p>\n<h3 class=\"western\">Kto jest odbiorc\u0105 danych w tym danych osobowych?<\/h3>\n<p>Co do zasady jedynym odbiorc\u0105 danych jest Administrator.<\/p>\n<p>Przetwarzanie danych mo\u017ce jednak by\u0107 powierzone innym podmiotom, realizuj\u0105cym us\u0142ugi na rzecz Administratora w celu utrzymania dzia\u0142alno\u015bci Serwisu.<\/p>\n<p>Do podmiot\u00f3w takich mo\u017cna zaliczy\u0107 mi\u0119dzy innymi:<\/p>\n<ul>\n<li>Firmy hostingowe, \u015bwiadcz\u0105ce us\u0142ugi hostingu lub us\u0142ug pokrewnych dla Administratora<\/li>\n<li>Firmy serwisowe i wsparcia IT dokonuj\u0105ce konserwacji lub odpowiedzialne za utrzymanie infrastruktury IT<\/li>\n<li>Firmy po\u015brednicz\u0105ce w p\u0142atno\u015bciach on-line<\/li>\n<li>Firmy po\u015brednicz\u0105ce w p\u0142atno\u015bciach mobilnych<\/li>\n<li>Firmy odpowiedzialne za prowadzenie ksi\u0119gowo\u015bci Administratora<\/li>\n<li>Firmy odpowiedzialne za dostarczanie produkt\u00f3w fizycznych (us\u0142ugi pocztowe \/ kurierskie)<\/li>\n<\/ul>\n<h3 class=\"western\">Czy Pa\u0144stwa dane osobowe b\u0119d\u0105 przekazywane poza Uni\u0119 Europejsk\u0105?<\/h3>\n<p>Dane osobowe <strong>nie b\u0119d\u0105 przekazywane poza Uni\u0119 Europejsk\u0105<\/strong>, chyba \u017ce zosta\u0142y opublikowane na skutek indywidualnego dzia\u0142ania U\u017cytkownika (np. wprowadzenie komentarza lub wpisu), co sprawi, \u017ce dane b\u0119d\u0105 dost\u0119pne dla ka\u017cdej osoby odwiedzaj\u0105cej serwis.<\/p>\n<h3 class=\"western\">Czy dane osobowe b\u0119d\u0105 podstaw\u0105 zautomatyzowanego podejmowania decyzji?<\/h3>\n<p>Dane osobowe <strong>nie b\u0119d\u0105 wykorzystywane<\/strong> do zautomatyzowanego podejmowania decyzji (profilowania).<\/p>\n<h3 class=\"western\">Jakie maj\u0105 Pa\u0144stwo prawa zwi\u0105zane z przetwarzaniem danych osobowych?<\/h3>\n<ul>\n<li><strong>Prawo dost\u0119pu do danych osobowych<\/strong><br \/>\nU\u017cytkownikom przys\u0142uguje prawo uzyskania dost\u0119pu do swoich danych osobowych, realizowane na \u017c\u0105danie z\u0142o\u017cone do Administratora<\/li>\n<li><strong>Prawo do sprostowania danych osobowych<\/strong><br \/>\nU\u017cytkownikom przys\u0142uguje prawo \u017c\u0105dania od Administratora niezw\u0142ocznego sprostowania danych osobowych, kt\u00f3re s\u0105 nieprawid\u0142owe lub \/ oraz uzupe\u0142nienia niekompletnych danych osobowych, realizowane na \u017c\u0105danie z\u0142o\u017cone do Administratora<\/li>\n<li><strong>Prawo do usuni\u0119cia danych osobowych<\/strong><br \/>\nU\u017cytkownikom przys\u0142uguje prawo \u017c\u0105dania od Administratora niezw\u0142ocznego usuni\u0119cia danych osobowych, realizowane na \u017c\u0105danie z\u0142o\u017cone do Administratora.W przypadku kont u\u017cytkownik\u00f3w, usuni\u0119cie danych polega na anonimizacji danych umo\u017cliwiaj\u0105cych identyfikacj\u0119 U\u017cytkownika.W przypadku us\u0142ugi Newsletter, U\u017cytkownik ma mo\u017cliwo\u015b\u0107 samodzielnego usuni\u0119cia swoich danych osobowych korzystaj\u0105c z odno\u015bnika umieszczonego w ka\u017cdej przesy\u0142anej wiadomo\u015bci e-mail.<\/li>\n<li><strong>Prawo do ograniczenia przetwarzania danych osobowych<\/strong><br \/>\nU\u017cytkownikom przys\u0142uguje prawo ograniczenia przetwarzania danych osobowych w przypadkach wskazanych w art. 18 RODO, m.in. kwestionowania prawid\u0142owo\u015b\u0107 danych osobowych, realizowane na \u017c\u0105danie z\u0142o\u017cone do Administratora<\/li>\n<li><strong>Prawo do przenoszenia danych osobowych<\/strong><br \/>\nU\u017cytkownikom przys\u0142uguje prawo uzyskania od Administratora, danych osobowych dotycz\u0105cych U\u017cytkownika w ustrukturyzowanym, powszechnie u\u017cywanym formacie nadaj\u0105cym si\u0119 do odczytu maszynowego, realizowane na \u017c\u0105danie z\u0142o\u017cone do Administratora<\/li>\n<li><strong>Prawo wniesienia sprzeciwu wobec przetwarzania danych osobowych<\/strong><br \/>\nU\u017cytkownikom przys\u0142uguje prawo wniesienia sprzeciwu wobec przetwarzania jego danych osobowych w przypadkach okre\u015blonych w art. 21 RODO, realizowane na \u017c\u0105danie z\u0142o\u017cone do Administratora<\/li>\n<li><strong>Prawo wniesienia skargi<\/strong><br \/>\nU\u017cytkownikom przys\u0142uguje prawo wniesienia skargi do organu nadzorczego zajmuj\u0105cego si\u0119 ochron\u0105 danych osobowych.<\/li>\n<\/ul>","protected":false},"excerpt":{"rendered":"<p>Poni\u017csza informacja stanowi zwi\u0119z\u0142y, zrozumia\u0142y i przejrzysty skr\u00f3t informacji zamieszczonych w Polityce Prywatno\u015bci odno\u015bnie Administratora danych, celu i sposobu przetwarzania danych osobowych oraz Twoich praw w zwi\u0105zku z tym przetwarzaniem, &#8230;<\/p>","protected":false},"author":1,"featured_media":0,"parent":0,"menu_order":0,"comment_status":"closed","ping_status":"closed","template":"","meta":{"inline_featured_image":false,"footnotes":""},"class_list":["post-173","page","type-page","status-publish","hentry"],"_links":{"self":[{"href":"https:\/\/www.szewinska.org\/en\/wp-json\/wp\/v2\/pages\/173","targetHints":{"allow":["GET"]}}],"collection":[{"href":"https:\/\/www.szewinska.org\/en\/wp-json\/wp\/v2\/pages"}],"about":[{"href":"https:\/\/www.szewinska.org\/en\/wp-json\/wp\/v2\/types\/page"}],"author":[{"embeddable":true,"href":"https:\/\/www.szewinska.org\/en\/wp-json\/wp\/v2\/users\/1"}],"replies":[{"embeddable":true,"href":"https:\/\/www.szewinska.org\/en\/wp-json\/wp\/v2\/comments?post=173"}],"version-history":[{"count":11,"href":"https:\/\/www.szewinska.org\/en\/wp-json\/wp\/v2\/pages\/173\/revisions"}],"predecessor-version":[{"id":201,"href":"https:\/\/www.szewinska.org\/en\/wp-json\/wp\/v2\/pages\/173\/revisions\/201"}],"wp:attachment":[{"href":"https:\/\/www.szewinska.org\/en\/wp-json\/wp\/v2\/media?parent=173"}],"curies":[{"name":"wp","href":"https:\/\/api.w.org\/{rel}","templated":true}]}}