{"id":16,"date":"2023-05-06T17:31:12","date_gmt":"2023-05-06T15:31:12","guid":{"rendered":"https:\/\/www.szewinska.org\/?page_id=16"},"modified":"2025-11-04T07:16:24","modified_gmt":"2025-11-04T06:16:24","slug":"fundation","status":"publish","type":"page","link":"https:\/\/www.szewinska.org\/en\/","title":{"rendered":"Foundation"},"content":{"rendered":"<p>Irena Szewi\u0144ska Foundation was founded by the closest family of the patron, by her husband and sons. The aim of this initiative is to support and develop Polish sport, so that the work of our great athlete can be continued. Irena Szewi\u0144ska never rested on her laurels, she practiced sport continuously from primary school until the end of her career. After the end of her career, she was still actively involved in supporting Polish and world sport, being a member of many organizations, including the Polish Olympic Committee and the International Olympic Committee. The Foundation is a continuation of what Irena Szewi\u0144ska did and to which she devoted her whole life.<\/p>\n\n\n\n<div style=\"height:120px\" aria-hidden=\"true\" class=\"wp-block-spacer\"><\/div>\n\n\n\n<p class=\"has-text-align-center\">Nasi partnerzy<\/p>\n\n\n\n<div class=\"wp-block-group is-content-justification-space-between is-nowrap is-layout-flex wp-container-core-group-is-layout-0dfbf163 wp-block-group-is-layout-flex\">\n<figure class=\"wp-block-image size-full is-resized\"><a href=\"https:\/\/azsawf.com\/\" target=\"_blank\" rel=\" noreferrer noopener\"><img loading=\"lazy\" decoding=\"async\" width=\"682\" height=\"703\" src=\"https:\/\/www.szewinska.org\/wp-content\/uploads\/2025\/04\/azs_awf_warszawa.png\" alt=\"AZS AWF Warszawa\" class=\"wp-image-302\" style=\"width:auto;height:96px\" srcset=\"https:\/\/www.szewinska.org\/wp-content\/uploads\/2025\/04\/azs_awf_warszawa.png 682w, https:\/\/www.szewinska.org\/wp-content\/uploads\/2025\/04\/azs_awf_warszawa-291x300.png 291w, https:\/\/www.szewinska.org\/wp-content\/uploads\/2025\/04\/azs_awf_warszawa-12x12.png 12w\" sizes=\"auto, (max-width: 682px) 100vw, 682px\" \/><\/a><\/figure>\n\n\n\n<figure class=\"wp-block-image size-full is-resized\"><a href=\"https:\/\/www.generali.pl\/\" target=\"_blank\" rel=\" noreferrer noopener\"><img loading=\"lazy\" decoding=\"async\" width=\"591\" height=\"479\" src=\"https:\/\/www.szewinska.org\/wp-content\/uploads\/2025\/04\/generali1.jpg\" alt=\"Generali\" class=\"wp-image-304\" style=\"width:auto;height:96px\" srcset=\"https:\/\/www.szewinska.org\/wp-content\/uploads\/2025\/04\/generali1.jpg 591w, https:\/\/www.szewinska.org\/wp-content\/uploads\/2025\/04\/generali1-300x243.jpg 300w, https:\/\/www.szewinska.org\/wp-content\/uploads\/2025\/04\/generali1-15x12.jpg 15w\" sizes=\"auto, (max-width: 591px) 100vw, 591px\" \/><\/a><\/figure>\n\n\n\n<figure class=\"wp-block-image size-full is-resized\"><a href=\"https:\/\/celticselfstorage.pl\/\" target=\"_blank\" rel=\" noreferrer noopener\"><img loading=\"lazy\" decoding=\"async\" width=\"151\" height=\"57\" src=\"https:\/\/www.szewinska.org\/wp-content\/uploads\/2025\/04\/celtic.png\" alt=\"Celtic Self Storage\" class=\"wp-image-303\" style=\"width:154px;height:auto\" srcset=\"https:\/\/www.szewinska.org\/wp-content\/uploads\/2025\/04\/celtic.png 151w, https:\/\/www.szewinska.org\/wp-content\/uploads\/2025\/04\/celtic-18x7.png 18w\" sizes=\"auto, (max-width: 151px) 100vw, 151px\" \/><\/a><\/figure>\n<\/div>\n\n\n\n<div class=\"wp-block-group is-content-justification-space-between is-nowrap is-layout-flex wp-container-core-group-is-layout-0dfbf163 wp-block-group-is-layout-flex\">\n<figure class=\"wp-block-image size-large is-resized\"><a href=\"https:\/\/www.gov.pl\/web\/sport\" target=\"_blank\" rel=\" noreferrer noopener\"><img loading=\"lazy\" decoding=\"async\" width=\"1024\" height=\"389\" src=\"https:\/\/www.szewinska.org\/wp-content\/uploads\/2025\/10\/01_znak_podstawowy_kolor_biale_tlo-1024x389.png\" alt=\"\" class=\"wp-image-342\" style=\"width:400px\" srcset=\"https:\/\/www.szewinska.org\/wp-content\/uploads\/2025\/10\/01_znak_podstawowy_kolor_biale_tlo-1024x389.png 1024w, https:\/\/www.szewinska.org\/wp-content\/uploads\/2025\/10\/01_znak_podstawowy_kolor_biale_tlo-300x114.png 300w, https:\/\/www.szewinska.org\/wp-content\/uploads\/2025\/10\/01_znak_podstawowy_kolor_biale_tlo-768x292.png 768w, https:\/\/www.szewinska.org\/wp-content\/uploads\/2025\/10\/01_znak_podstawowy_kolor_biale_tlo-18x7.png 18w, https:\/\/www.szewinska.org\/wp-content\/uploads\/2025\/10\/01_znak_podstawowy_kolor_biale_tlo.png 1136w\" sizes=\"auto, (max-width: 1024px) 100vw, 1024px\" \/><\/a><\/figure>\n\n\n\n<figure class=\"wp-block-image size-large is-resized\"><a href=\"https:\/\/mazovia.pl\/\" target=\"_blank\" rel=\" noreferrer noopener\"><img loading=\"lazy\" decoding=\"async\" width=\"1024\" height=\"273\" src=\"https:\/\/www.szewinska.org\/wp-content\/uploads\/2025\/11\/logotyp_wersja_polska_format_jpg-1024x273.jpg\" alt=\"\" class=\"wp-image-348\" style=\"width:400px\" srcset=\"https:\/\/www.szewinska.org\/wp-content\/uploads\/2025\/11\/logotyp_wersja_polska_format_jpg-1024x273.jpg 1024w, https:\/\/www.szewinska.org\/wp-content\/uploads\/2025\/11\/logotyp_wersja_polska_format_jpg-300x80.jpg 300w, https:\/\/www.szewinska.org\/wp-content\/uploads\/2025\/11\/logotyp_wersja_polska_format_jpg-768x205.jpg 768w, https:\/\/www.szewinska.org\/wp-content\/uploads\/2025\/11\/logotyp_wersja_polska_format_jpg-18x5.jpg 18w, https:\/\/www.szewinska.org\/wp-content\/uploads\/2025\/11\/logotyp_wersja_polska_format_jpg.jpg 1499w\" sizes=\"auto, (max-width: 1024px) 100vw, 1024px\" \/><\/a><\/figure>\n<\/div>\n\n\n\n<p><\/p>","protected":false},"excerpt":{"rendered":"<p>Fundacja im. Ireny Szewi\u0144skiej zosta\u0142a za\u0142o\u017cona przez najbli\u017csz\u0105 rodzin\u0119 patronki, przez jej m\u0119\u017ca oraz syn\u00f3w. Celem tej inicjatywy jest wspieranie i rozw\u00f3j polskiego sportu, tak by dzie\u0142o naszej wielkiej sportsmenki &#8230;<\/p>","protected":false},"author":1,"featured_media":0,"parent":0,"menu_order":0,"comment_status":"closed","ping_status":"closed","template":"","meta":{"inline_featured_image":false,"footnotes":""},"class_list":["post-16","page","type-page","status-publish","hentry"],"_links":{"self":[{"href":"https:\/\/www.szewinska.org\/en\/wp-json\/wp\/v2\/pages\/16","targetHints":{"allow":["GET"]}}],"collection":[{"href":"https:\/\/www.szewinska.org\/en\/wp-json\/wp\/v2\/pages"}],"about":[{"href":"https:\/\/www.szewinska.org\/en\/wp-json\/wp\/v2\/types\/page"}],"author":[{"embeddable":true,"href":"https:\/\/www.szewinska.org\/en\/wp-json\/wp\/v2\/users\/1"}],"replies":[{"embeddable":true,"href":"https:\/\/www.szewinska.org\/en\/wp-json\/wp\/v2\/comments?post=16"}],"version-history":[{"count":22,"href":"https:\/\/www.szewinska.org\/en\/wp-json\/wp\/v2\/pages\/16\/revisions"}],"predecessor-version":[{"id":350,"href":"https:\/\/www.szewinska.org\/en\/wp-json\/wp\/v2\/pages\/16\/revisions\/350"}],"wp:attachment":[{"href":"https:\/\/www.szewinska.org\/en\/wp-json\/wp\/v2\/media?parent=16"}],"curies":[{"name":"wp","href":"https:\/\/api.w.org\/{rel}","templated":true}]}}