{"id":148,"date":"2024-10-15T03:59:10","date_gmt":"2024-10-15T01:59:10","guid":{"rendered":"https:\/\/www.szewinska.org\/?page_id=148"},"modified":"2025-11-04T02:53:16","modified_gmt":"2025-11-04T01:53:16","slug":"donate","status":"publish","type":"page","link":"https:\/\/www.szewinska.org\/en\/donate","title":{"rendered":"Support Us"},"content":{"rendered":"<p align='center'><img src='https:\/\/www.szewinska.org\/wp-content\/plugins\/paynow-donation-gateway\/img\/logo_paynow_black_9e62ab2727.png' style='width: 30%'><br>P\u0142atno\u015bci obs\u0142uguje mBank za pomoc\u0105 us\u0142ugi Paynow<\/p>   \n        <form action=\"\/en\/wp-json\/wp\/v2\/pages\/148\" method=\"POST\" data-trp-original-action=\"\/en\/wp-json\/wp\/v2\/pages\/148\">\n\n        <div class=\"row\">\n        <div class=\"col-2\">\n        &nbsp;\n        <\/div>\n        <div class=\"col-5\">\n                <p>\n                <label for=\"paynow-donation-amount\">Kwota<\/label>\n                <input type=\"number\"\n                       name=\"paynow-donation-amount\"\n                       min=\"0.00\"\n                       step=\"0.01\"\n                       value=\"100.00\"\n                       class=\"form-control\"\n                       id=\"paynow-donation-amount\" \/>\n                <\/p>\n        <\/div>\n        <div class=\"col-3\">\n                <p>\n                <label for=\"paynow-donation-currency\">Waluta<\/label>\n                <select name=\"paynow-donation-currency\"\n                        class=\"form-control form-select\"\n                        id=\"paynow-donation-currency\">\n                    <option value=\"PLN\" selected>PLN<\/option>\n                    <option value=\"EUR\">EUR<\/option>\n                    <option value=\"USD\">USD<\/option> \n                    <option value=\"CHF\">CHF<\/option>       \n                <\/select>\n                <\/p>\n        <\/div>\n        <div class=\"col-2\">&nbsp;<\/div>\n    <\/div>\n    <!-- div class=\"row\">\n        <div class=\"col-3\">&nbsp;<\/div>        \n        <div class=\"col-6\">\n              <p>                                                                \n                <input type=\"radio\" name=\"paynow-donation-currency\" value=\"PLN\" id=\"PLN\" checked> <label for=\"PLN\">PLN<\/label>\n                <input type=\"radio\" name=\"paynow-donation-currency\" value=\"EUR\" id=\"EUR\"> <label for=\"EUR\">EUR<\/label>\n                <input type=\"radio\" name=\"paynow-donation-currency\" value=\"USD\" id=\"USD\"> <label for=\"USD\">USD<\/label>\n                <input type=\"radio\" name=\"paynow-donation-currency\" value=\"CHF\" id=\"CHF\"> <label for=\"CHF\">CHF<\/label>                                                     \n              <\/p>\n        <\/div>\n        <div class=\"col-3\">&nbsp;<\/div>\n    <\/div -->\n\n    <div class=\"row\">\n        <div class=\"col-2\">&nbsp;<\/div>\n        \n        <div class=\"col-8\">\n              <p>                                                                \n              <label for=\"paynow-donation-email\">Adres E-Mail<\/label>\n                <input type=\"email\"\n                                    name=\"paynow-donation-email\"\n                                    value=\"\"\n                                    size=\"40\"\n                                    class=\"form-control\"\n                                    id=\"paynow-donation-email\" \/>\n              <\/p>\n        <\/div>\n        <div class=\"col-2\">&nbsp;<\/div>\n    <\/div>      \n\n                                       \n    <div class=\"row\">\n        <div class=\"col-2\">&nbsp;<\/div>        \n        <div class=\"col-8\">\n                <p>\n                <label for=\"paynow-donation-message\">Darowizna na cele statutowe, cel szczeg\u00f3\u0142owy<\/label>\n                <input type=\"text\"\n                                    name=\"paynow-donation-message\"\n                                    value=\"\"\n                                    size=\"40\"\n                                    class=\"form-control\"\n                                    id=\"paynow-donation-message\" \/>\n               <\/p>\n        <\/div>\n        <div class=\"col-2\">&nbsp;<\/div>\n    <\/div>      \n    <div class=\"row\">\n        <div class=\"col-2\">&nbsp;<\/div>\n        \n        <div class=\"col-8\">\n   \n              <input type=\"submit\"\n                       name=\"paynow-donation-submitted\"\n                       value=\"Wp\u0142a\u0107\"\n                       class=\"form-control\"\n                       id=\"paynow-donation-submitted\" \/>\n\n        <\/div>\n        <div class=\"col-2\">\n        &nbsp;\n        <\/div>\n              \n    <\/div>\n  <input type=\"hidden\" name=\"trp-form-language\" value=\"en\"\/><\/form>\n\n\n\n\n        \n    <div class=\"row\">\n        <div class=\"col-2\">&nbsp;<\/div>\n        \n        <div class=\"col-8\">\n\n            Dost\u0119pne formy p\u0142atno\u015bci:<br>\n  \n    <table><tr><td align='center'><img src='https:\/\/static.paynow.pl\/payment-method-icons\/2007.png' ><br><\/td><td align='center'><img src='https:\/\/static.paynow.pl\/payment-method-icons\/1000.png' ><br><\/td><td align='center'><img src='https:\/\/static.paynow.pl\/payment-method-icons\/2032.png' ><br><\/td><td align='center'><img src='https:\/\/static.paynow.pl\/payment-method-icons\/2031.png' ><br><\/td><td align='center'><img src='https:\/\/static.paynow.pl\/payment-method-icons\/2013.png' ><br><\/td><\/tr><tr><td align='center'><img src='https:\/\/static.paynow.pl\/payment-method-icons\/2012.png' ><br><\/td><td align='center'><img src='https:\/\/static.paynow.pl\/payment-method-icons\/2021.png' ><br><\/td><td align='center'><img src='https:\/\/static.paynow.pl\/payment-method-icons\/2009.png' ><br><\/td><td align='center'><img src='https:\/\/static.paynow.pl\/payment-method-icons\/2010.png' ><br><\/td><td align='center'><img src='https:\/\/static.paynow.pl\/payment-method-icons\/2020.png' ><br><\/td><\/tr><tr><td align='center'><img src='https:\/\/static.paynow.pl\/payment-method-icons\/2015.png' ><br><\/td><td align='center'><img src='https:\/\/static.paynow.pl\/payment-method-icons\/2014.png' ><br><\/td><td align='center'><img src='https:\/\/static.paynow.pl\/payment-method-icons\/2018.png' ><br><\/td><td align='center'><img src='https:\/\/static.paynow.pl\/payment-method-icons\/2023.png' ><br><\/td><td align='center'><img src='https:\/\/static.paynow.pl\/payment-method-icons\/2027.png' ><br><\/td><\/tr><tr><td align='center'><img src='https:\/\/static.paynow.pl\/payment-method-icons\/2011.png' ><br><\/td><td align='center'><img src='https:\/\/static.paynow.pl\/payment-method-icons\/2026.png' ><br><\/td><td align='center'><img src='https:\/\/static.paynow.pl\/payment-method-icons\/2030.png' ><br><\/td><\/tr><\/table>\n\n                                                         \n        <\/div>\n        <div class=\"col-2\">\n        &nbsp;\n        <\/div>\n    <\/div>\n             \n\n\n\n<h3 style=\"text-align: center;\">Donations for statutory purposes may be transferred to the Foundation's account:<\/h3>\n<\/p>\n<p style=\"text-align: center;\"><a href=\"https:\/\/www.mbank.pl\/\" target=\"_blank\" rel=\"noopener\"><img loading=\"lazy\" decoding=\"async\" class=\"alignnone size-full wp-image-197\" style=\"width: 192px;\" src=\"https:\/\/www.szewinska.org\/wp-content\/uploads\/2024\/11\/nowe-logo-mbank.jpg\" alt=\"mBank\" width=\"360\" height=\"140\" srcset=\"https:\/\/www.szewinska.org\/wp-content\/uploads\/2024\/11\/nowe-logo-mbank.jpg 360w, https:\/\/www.szewinska.org\/wp-content\/uploads\/2024\/11\/nowe-logo-mbank-300x117.jpg 300w, https:\/\/www.szewinska.org\/wp-content\/uploads\/2024\/11\/nowe-logo-mbank-18x7.jpg 18w\" sizes=\"auto, (max-width: 360px) 100vw, 360px\" \/><\/a><\/p>\n<h5>\u00a0<\/h5>\n<h5 style=\"text-align: center;\">IBAN Account number:  PL 31 1140 2004 0000 3102 7865 3402<\/h5>\n<h5 style=\"text-align: center;\">BIC\/SWIFT Number: BREXPLPWMBK<\/h5>\n<\/p>\n<h3 style=\"text-align: center;\">Other forms of support:<\/h3>\n\n\n<figure class=\"wp-block-image size-large is-resized is-style-default\"><a href=\"https:\/\/fanimani.pl\/szewinska\/?utm_source=orgpage&amp;utm_medium=opis-ofanimani\"><img loading=\"lazy\" decoding=\"async\" width=\"470\" height=\"324\" src=\"https:\/\/www.szewinska.org\/wp-content\/uploads\/2024\/10\/fanimani.svg\" alt=\"fanimani.pl\" class=\"wp-image-152\" style=\"width:192px\"\/><\/a><\/figure>\n\n\n\n<p>If you do online shopping, whether it's shoes, electronics, cosmetics or books, you can support us for free. If you start using the FaniMani.pl service, the average of 2.5% of each of Your transaction value will go to our organization and you pay nothing extra!<\/p>\r\n<p>Help us for free with your everyday online shopping. You can take advantage of over 1,700 online stores, as well as when ordering food online or booking accommodation.<\/p>\r\n<p>You activate your donation with one click. It's a simple and safe solution.<\/p>\r\n<h3>1. Register at FaniMani.pl <img decoding=\"async\" style=\"max-height: 1em; width: auto; margin-left: 5px; text-decoration: none; outline: 0; border: 0; vertical-align: text-bottom; display: inline;\" src=\"https:\/\/d1892dsrerx2pv.cloudfront.net\/static\/img\/logo-2.png\" alt=\"FaniMani.pl\" \/><\/h3>\r\n<p class=\"translation-block\">If You register using  <a href=\"https:\/\/fanimani.pl\/zaproszenie\/104509\/d55a907b40ff48f3b7a5a34bc2590c3d?utm_source=orgpage&amp;utm_medium=opis-ofanimani\" target=\"_self\">this link<\/a>  and within one year You will do shopping with FaniMani.pl for at least 100 PLN, we will get additional 2\u00d75 PLN donation.<\/p>\r\n<h3>2. On your computer: Add the \"FaniMani Reminder\" extension to your browser <a style=\"text-decoration: none;\" href=\"https:\/\/fanimani.pl\/aplikacje\/?utm_source=orgpage&amp;utm_medium=opis-ofanimani\" target=\"_blank\" rel=\"noopener\"><img decoding=\"async\" style=\"max-height: 1em; width: auto; margin-left: 5px; text-decoration: none; outline: 0; border: 0; vertical-align: text-bottom; display: inline;\" src=\"https:\/\/d1892dsrerx2pv.cloudfront.net\/static\/img\/ico-browsers-3.png\" alt=\"Przypominajka FaniMani\" align=\"\" \/><\/a><\/h3>\r\n<p class=\"translation-block\">It's a simple and safe extension that will automatically indicate FaniMani partners, and you can activate your donation with one click! With Reminder you will never forget to help us. <a href=\"https:\/\/fanimani.pl\/szewinska\/?utm_source=orgpage&amp;utm_medium=opis-ofanimani\" target=\"_self\">Visit our FaniMani profile<\/a> to install Reminder!<\/p>\r\n<p class=\"translation-block\">Additionally \u2013 once You have Your account created  and have Reminder extension installed \u2013 go to <a href=\"https:\/\/fanimani.pl\/podaruj1zl\" target=\"_self\">fanimani.pl\/podaruj1zl<\/a> and log in, and we will receive a 1 PLN donation!<\/p>\r\n<h3>3. On your phone: Download the FaniMani app (Google Play, AppStore) <a style=\"text-decoration: none;\" href=\"https:\/\/fanimani.pl\/aplikacja-mobilna\/?utm_source=orgpage&amp;utm_medium=opis-ofanimani\" target=\"_blank\" rel=\"noopener\"><img decoding=\"async\" style=\"max-height: 1em; width: auto; margin-left: 5px; text-decoration: none; outline: 0; border: 0; vertical-align: text-bottom; display: inline;\" src=\"https:\/\/staticfiles.fanimani.pl\/mobileapp\/ico-app-store-3.png\" alt=\"Pobierz Aplikacj\u0119 Mobiln\u0105\" \/><img decoding=\"async\" style=\"max-height: 1em; width: auto; margin-left: 5px; text-decoration: none; outline: 0; border: 0; vertical-align: text-bottom; display: inline;\" src=\"https:\/\/staticfiles.fanimani.pl\/mobileapp\/ico-google-play-3.png\" alt=\"Pobierz Aplikacj\u0119 Mobiln\u0105\" \/> <\/a><\/h3>\r\n<p>You can also help us with your phone in your hand! Install the App and take advantage of the offer of over 1,700 FaniMani partners by doing online shopping and donating to us! In the app, you can also easily check your latest donations.<\/p>\r\n<p>Thank you for being with us!<\/p>","protected":false},"excerpt":{"rendered":"<p>Darowizny na cele statutowe mog\u0105 by\u0107 przekazywane na rachunek Fundacji: \u00a0 Numer rachunku IBAN: PL 31 1140 2004 0000 3102 7865 3402 Numer BIC\/SWIFT: BREXPLPWMBK Inne formy wsparcia: Je\u017celi robisz &#8230;<\/p>","protected":false},"author":1,"featured_media":0,"parent":0,"menu_order":0,"comment_status":"closed","ping_status":"closed","template":"","meta":{"inline_featured_image":false,"footnotes":""},"class_list":["post-148","page","type-page","status-publish","hentry"],"_links":{"self":[{"href":"https:\/\/www.szewinska.org\/en\/wp-json\/wp\/v2\/pages\/148","targetHints":{"allow":["GET"]}}],"collection":[{"href":"https:\/\/www.szewinska.org\/en\/wp-json\/wp\/v2\/pages"}],"about":[{"href":"https:\/\/www.szewinska.org\/en\/wp-json\/wp\/v2\/types\/page"}],"author":[{"embeddable":true,"href":"https:\/\/www.szewinska.org\/en\/wp-json\/wp\/v2\/users\/1"}],"replies":[{"embeddable":true,"href":"https:\/\/www.szewinska.org\/en\/wp-json\/wp\/v2\/comments?post=148"}],"version-history":[{"count":10,"href":"https:\/\/www.szewinska.org\/en\/wp-json\/wp\/v2\/pages\/148\/revisions"}],"predecessor-version":[{"id":322,"href":"https:\/\/www.szewinska.org\/en\/wp-json\/wp\/v2\/pages\/148\/revisions\/322"}],"wp:attachment":[{"href":"https:\/\/www.szewinska.org\/en\/wp-json\/wp\/v2\/media?parent=148"}],"curies":[{"name":"wp","href":"https:\/\/api.w.org\/{rel}","templated":true}]}}